{"id":1644,"date":"2025-01-17T08:23:37","date_gmt":"2025-01-17T14:23:37","guid":{"rendered":"https:\/\/theiideacompany.com\/aplicaciones\/"},"modified":"2025-05-09T11:05:34","modified_gmt":"2025-05-09T17:05:34","slug":"aplicaciones","status":"publish","type":"page","link":"https:\/\/theiideacompany.com\/es\/aplicaciones\/","title":{"rendered":"Aplicaciones"},"content":{"rendered":"\t\t<div data-elementor-type=\"wp-page\" data-elementor-id=\"1644\" class=\"elementor elementor-1644 elementor-297\" data-elementor-post-type=\"page\">\n\t\t\t\t<div data-particle_enable=\"false\" data-particle-mobile-disabled=\"false\" class=\"elementor-element elementor-element-1c76273c e-flex e-con-boxed e-con e-child\" data-id=\"1c76273c\" data-element_type=\"container\" data-settings=\"{&quot;background_background&quot;:&quot;classic&quot;}\">\n\t\t\t\t\t<div class=\"e-con-inner\">\n\t\t<div data-particle_enable=\"false\" data-particle-mobile-disabled=\"false\" class=\"elementor-element elementor-element-5b24f2bd e-con-full titlebox e-flex e-con e-child\" data-id=\"5b24f2bd\" data-element_type=\"container\">\n\t\t\t\t<div class=\"elementor-element elementor-element-32da289a elementor-invisible elementor-widget elementor-widget-heading\" data-id=\"32da289a\" data-element_type=\"widget\" data-settings=\"{&quot;_animation&quot;:&quot;fadeInDown&quot;}\" data-widget_type=\"heading.default\">\n\t\t\t\t<div class=\"elementor-widget-container\">\n\t\t\t\t\t<h2 class=\"elementor-heading-title elementor-size-default\">Somos<\/h2>\t\t\t\t<\/div>\n\t\t\t\t<\/div>\n\t\t\t\t<div class=\"elementor-element elementor-element-921eb84 elementor-widget elementor-widget-image\" data-id=\"921eb84\" data-element_type=\"widget\" data-widget_type=\"image.default\">\n\t\t\t\t<div class=\"elementor-widget-container\">\n\t\t\t\t\t\t\t\t\t\t\t\t\t\t\t<img fetchpriority=\"high\" decoding=\"async\" width=\"407\" height=\"179\" src=\"https:\/\/theiideacompany.com\/wp-content\/uploads\/2025\/05\/Soluciones-txt-white.png\" class=\"attachment-large size-large wp-image-1749\" alt=\"\" srcset=\"https:\/\/theiideacompany.com\/wp-content\/uploads\/2025\/05\/Soluciones-txt-white.png 407w, https:\/\/theiideacompany.com\/wp-content\/uploads\/2025\/05\/Soluciones-txt-white-300x132.png 300w\" sizes=\"(max-width: 407px) 100vw, 407px\" \/>\t\t\t\t\t\t\t\t\t\t\t\t\t\t\t<\/div>\n\t\t\t\t<\/div>\n\t\t\t\t<\/div>\n\t\t\t\t\t<\/div>\n\t\t\t\t<\/div>\n\t\t<div data-particle_enable=\"false\" data-particle-mobile-disabled=\"false\" class=\"elementor-element elementor-element-7506411 e-flex e-con-boxed e-con e-parent\" data-id=\"7506411\" data-element_type=\"container\">\n\t\t\t\t\t<div class=\"e-con-inner\">\n\t\t\t\t<div class=\"elementor-element elementor-element-4d10ec8 elementor-widget elementor-widget-heading\" data-id=\"4d10ec8\" data-element_type=\"widget\" data-widget_type=\"heading.default\">\n\t\t\t\t<div class=\"elementor-widget-container\">\n\t\t\t\t\t<h2 class=\"elementor-heading-title elementor-size-default\">Los endulzantes de Agave tienen aplicaciones en una variedad de campos<\/h2>\t\t\t\t<\/div>\n\t\t\t\t<\/div>\n\t\t<div data-particle_enable=\"false\" data-particle-mobile-disabled=\"false\" class=\"elementor-element elementor-element-6783e99 e-con-full e-flex e-con e-child\" data-id=\"6783e99\" data-element_type=\"container\">\n\t\t<div data-particle_enable=\"false\" data-particle-mobile-disabled=\"false\" class=\"elementor-element elementor-element-db0060a e-grid e-con-full e-con e-child\" data-id=\"db0060a\" data-element_type=\"container\" id=\"grid-bg\" data-settings=\"{&quot;background_background&quot;:&quot;classic&quot;}\">\n\t\t<div data-particle_enable=\"false\" data-particle-mobile-disabled=\"false\" class=\"elementor-element elementor-element-c36cfa8 e-con-full single-card e-flex e-con e-child\" data-id=\"c36cfa8\" data-element_type=\"container\" id=\"card1\">\n\t\t\t\t<div class=\"elementor-element elementor-element-1f0e844 elementor-widget elementor-widget-image\" data-id=\"1f0e844\" data-element_type=\"widget\" data-widget_type=\"image.default\">\n\t\t\t\t<div class=\"elementor-widget-container\">\n\t\t\t\t\t\t\t\t\t\t\t\t\t\t\t<img decoding=\"async\" width=\"89\" height=\"89\" src=\"https:\/\/theiideacompany.com\/wp-content\/uploads\/2025\/01\/Grupo-53.svg\" class=\"attachment-large size-large wp-image-1570\" alt=\"\" \/>\t\t\t\t\t\t\t\t\t\t\t\t\t\t\t<\/div>\n\t\t\t\t<\/div>\n\t\t\t\t<div class=\"elementor-element elementor-element-19e0335 elementor-widget elementor-widget-heading\" data-id=\"19e0335\" data-element_type=\"widget\" data-widget_type=\"heading.default\">\n\t\t\t\t<div class=\"elementor-widget-container\">\n\t\t\t\t\t<h2 class=\"elementor-heading-title elementor-size-default\">Confiter\u00eda<\/h2>\t\t\t\t<\/div>\n\t\t\t\t<\/div>\n\t\t\t\t<div class=\"elementor-element elementor-element-13b66a2 elementor-widget elementor-widget-text-editor\" data-id=\"13b66a2\" data-element_type=\"widget\" data-widget_type=\"text-editor.default\">\n\t\t\t\t<div class=\"elementor-widget-container\">\n\t\t\t\t\t\t\t\t\t<p><span id=\"hs_cos_wrapper_widget_1738416665088_\" class=\"hs_cos_wrapper hs_cos_wrapper_widget hs_cos_wrapper_type_rich_text\" data-hs-cos-general-type=\"widget\" data-hs-cos-type=\"rich_text\">Algunas ideas donde se puede aplicar: caramelos, piruletas, chocolates, chicles.<\/span><\/p>\t\t\t\t\t\t\t\t<\/div>\n\t\t\t\t<\/div>\n\t\t\t\t<\/div>\n\t\t<div data-particle_enable=\"false\" data-particle-mobile-disabled=\"false\" class=\"elementor-element elementor-element-820359e e-con-full single-card e-flex e-con e-child\" data-id=\"820359e\" data-element_type=\"container\" id=\"card2\">\n\t\t\t\t<div class=\"elementor-element elementor-element-84c9072 elementor-widget elementor-widget-image\" data-id=\"84c9072\" data-element_type=\"widget\" data-widget_type=\"image.default\">\n\t\t\t\t<div class=\"elementor-widget-container\">\n\t\t\t\t\t\t\t\t\t\t\t\t\t\t\t<img decoding=\"async\" width=\"62\" height=\"81\" src=\"https:\/\/theiideacompany.com\/wp-content\/uploads\/2025\/01\/003-jam.svg\" class=\"attachment-large size-large wp-image-1571\" alt=\"\" \/>\t\t\t\t\t\t\t\t\t\t\t\t\t\t\t<\/div>\n\t\t\t\t<\/div>\n\t\t\t\t<div class=\"elementor-element elementor-element-f1375e0 elementor-widget elementor-widget-heading\" data-id=\"f1375e0\" data-element_type=\"widget\" data-widget_type=\"heading.default\">\n\t\t\t\t<div class=\"elementor-widget-container\">\n\t\t\t\t\t<h2 class=\"elementor-heading-title elementor-size-default\">Mermeladas<\/h2>\t\t\t\t<\/div>\n\t\t\t\t<\/div>\n\t\t\t\t<div class=\"elementor-element elementor-element-b90ec8d elementor-widget elementor-widget-text-editor\" data-id=\"b90ec8d\" data-element_type=\"widget\" data-widget_type=\"text-editor.default\">\n\t\t\t\t<div class=\"elementor-widget-container\">\n\t\t\t\t\t\t\t\t\t<p><span id=\"hs_cos_wrapper_widget_1738416665088_\" class=\"hs_cos_wrapper hs_cos_wrapper_widget hs_cos_wrapper_type_rich_text\" data-hs-cos-general-type=\"widget\" data-hs-cos-type=\"rich_text\">Algunas ideas donde se puede aplicar: gelatinas, mermeladas de frutas, cremas untables.<\/span><\/p>\t\t\t\t\t\t\t\t<\/div>\n\t\t\t\t<\/div>\n\t\t\t\t<\/div>\n\t\t<div data-particle_enable=\"false\" data-particle-mobile-disabled=\"false\" class=\"elementor-element elementor-element-c55a9ca e-con-full single-card e-flex e-con e-child\" data-id=\"c55a9ca\" data-element_type=\"container\" id=\"card3\">\n\t\t\t\t<div class=\"elementor-element elementor-element-3686ed9 elementor-widget elementor-widget-image\" data-id=\"3686ed9\" data-element_type=\"widget\" data-widget_type=\"image.default\">\n\t\t\t\t<div class=\"elementor-widget-container\">\n\t\t\t\t\t\t\t\t\t\t\t\t\t\t\t<img loading=\"lazy\" decoding=\"async\" width=\"57\" height=\"98\" src=\"https:\/\/theiideacompany.com\/wp-content\/uploads\/2025\/01\/005-iced-coffee.svg\" class=\"attachment-large size-large wp-image-1572\" alt=\"\" \/>\t\t\t\t\t\t\t\t\t\t\t\t\t\t\t<\/div>\n\t\t\t\t<\/div>\n\t\t\t\t<div class=\"elementor-element elementor-element-bd56758 elementor-widget elementor-widget-heading\" data-id=\"bd56758\" data-element_type=\"widget\" data-widget_type=\"heading.default\">\n\t\t\t\t<div class=\"elementor-widget-container\">\n\t\t\t\t\t<h2 class=\"elementor-heading-title elementor-size-default\">Bebidas<\/h2>\t\t\t\t<\/div>\n\t\t\t\t<\/div>\n\t\t\t\t<div class=\"elementor-element elementor-element-4075153 elementor-widget elementor-widget-text-editor\" data-id=\"4075153\" data-element_type=\"widget\" data-widget_type=\"text-editor.default\">\n\t\t\t\t<div class=\"elementor-widget-container\">\n\t\t\t\t\t\t\t\t\t<p><span id=\"hs_cos_wrapper_widget_1738416665088_\" class=\"hs_cos_wrapper hs_cos_wrapper_widget hs_cos_wrapper_type_rich_text\" data-hs-cos-general-type=\"widget\" data-hs-cos-type=\"rich_text\">Algunas ideas donde se puede aplicar: Bebidas de caf\u00e9, jugos, refrescos, batidos, bebidas energ\u00e9ticas.<\/span><\/p>\t\t\t\t\t\t\t\t<\/div>\n\t\t\t\t<\/div>\n\t\t\t\t<\/div>\n\t\t<div data-particle_enable=\"false\" data-particle-mobile-disabled=\"false\" class=\"elementor-element elementor-element-3b26032 e-con-full single-card e-flex e-con e-child\" data-id=\"3b26032\" data-element_type=\"container\" id=\"card4\">\n\t\t\t\t<div class=\"elementor-element elementor-element-997903d elementor-widget elementor-widget-image\" data-id=\"997903d\" data-element_type=\"widget\" data-widget_type=\"image.default\">\n\t\t\t\t<div class=\"elementor-widget-container\">\n\t\t\t\t\t\t\t\t\t\t\t\t\t\t\t<img loading=\"lazy\" decoding=\"async\" width=\"67\" height=\"83\" src=\"https:\/\/theiideacompany.com\/wp-content\/uploads\/2025\/01\/002-cupcake.svg\" class=\"attachment-large size-large wp-image-1573\" alt=\"\" \/>\t\t\t\t\t\t\t\t\t\t\t\t\t\t\t<\/div>\n\t\t\t\t<\/div>\n\t\t\t\t<div class=\"elementor-element elementor-element-f64f548 elementor-widget elementor-widget-heading\" data-id=\"f64f548\" data-element_type=\"widget\" data-widget_type=\"heading.default\">\n\t\t\t\t<div class=\"elementor-widget-container\">\n\t\t\t\t\t<h2 class=\"elementor-heading-title elementor-size-default\">Reposter\u00eda<\/h2>\t\t\t\t<\/div>\n\t\t\t\t<\/div>\n\t\t\t\t<div class=\"elementor-element elementor-element-4d2c6a3 elementor-widget elementor-widget-text-editor\" data-id=\"4d2c6a3\" data-element_type=\"widget\" data-widget_type=\"text-editor.default\">\n\t\t\t\t<div class=\"elementor-widget-container\">\n\t\t\t\t\t\t\t\t\t<p><span id=\"hs_cos_wrapper_widget_1738416665088_\" class=\"hs_cos_wrapper hs_cos_wrapper_widget hs_cos_wrapper_type_rich_text\" data-hs-cos-general-type=\"widget\" data-hs-cos-type=\"rich_text\">Algunas ideas donde se puede aplicar: Galletas, tartas, boller\u00eda dulce, gelatinas y postres.<\/span><\/p>\t\t\t\t\t\t\t\t<\/div>\n\t\t\t\t<\/div>\n\t\t\t\t<\/div>\n\t\t<div data-particle_enable=\"false\" data-particle-mobile-disabled=\"false\" class=\"elementor-element elementor-element-b1b94c7 e-con-full single-card e-flex e-con e-child\" data-id=\"b1b94c7\" data-element_type=\"container\" id=\"card5\">\n\t\t\t\t<div class=\"elementor-element elementor-element-8d0614c elementor-widget elementor-widget-image\" data-id=\"8d0614c\" data-element_type=\"widget\" data-widget_type=\"image.default\">\n\t\t\t\t<div class=\"elementor-widget-container\">\n\t\t\t\t\t\t\t\t\t\t\t\t\t\t\t<img loading=\"lazy\" decoding=\"async\" width=\"96\" height=\"98\" src=\"https:\/\/theiideacompany.com\/wp-content\/uploads\/2025\/01\/006-cereals.svg\" class=\"attachment-large size-large wp-image-1574\" alt=\"\" \/>\t\t\t\t\t\t\t\t\t\t\t\t\t\t\t<\/div>\n\t\t\t\t<\/div>\n\t\t\t\t<div class=\"elementor-element elementor-element-96fc8b4 elementor-widget elementor-widget-heading\" data-id=\"96fc8b4\" data-element_type=\"widget\" data-widget_type=\"heading.default\">\n\t\t\t\t<div class=\"elementor-widget-container\">\n\t\t\t\t\t<h2 class=\"elementor-heading-title elementor-size-default\">Cereales y Granolas<\/h2>\t\t\t\t<\/div>\n\t\t\t\t<\/div>\n\t\t\t\t<div class=\"elementor-element elementor-element-7f92b2f elementor-widget elementor-widget-text-editor\" data-id=\"7f92b2f\" data-element_type=\"widget\" data-widget_type=\"text-editor.default\">\n\t\t\t\t<div class=\"elementor-widget-container\">\n\t\t\t\t\t\t\t\t\t<p>Algunas ideas donde se puede aplicar: cereales con fruta, cereales con granola, barritas energ\u00e9ticas, barritas snack.<\/p>\t\t\t\t\t\t\t\t<\/div>\n\t\t\t\t<\/div>\n\t\t\t\t<\/div>\n\t\t<div data-particle_enable=\"false\" data-particle-mobile-disabled=\"false\" class=\"elementor-element elementor-element-46aa693 e-con-full single-card e-flex e-con e-child\" data-id=\"46aa693\" data-element_type=\"container\" id=\"card6\">\n\t\t\t\t<div class=\"elementor-element elementor-element-469f650 elementor-widget elementor-widget-image\" data-id=\"469f650\" data-element_type=\"widget\" data-widget_type=\"image.default\">\n\t\t\t\t<div class=\"elementor-widget-container\">\n\t\t\t\t\t\t\t\t\t\t\t\t\t\t\t<img loading=\"lazy\" decoding=\"async\" width=\"106\" height=\"106\" src=\"https:\/\/theiideacompany.com\/wp-content\/uploads\/2025\/01\/007-dairy-products.svg\" class=\"attachment-large size-large wp-image-1575\" alt=\"\" \/>\t\t\t\t\t\t\t\t\t\t\t\t\t\t\t<\/div>\n\t\t\t\t<\/div>\n\t\t\t\t<div class=\"elementor-element elementor-element-72b1cc4 elementor-widget elementor-widget-heading\" data-id=\"72b1cc4\" data-element_type=\"widget\" data-widget_type=\"heading.default\">\n\t\t\t\t<div class=\"elementor-widget-container\">\n\t\t\t\t\t<h2 class=\"elementor-heading-title elementor-size-default\">Industria L\u00e1cteas<\/h2>\t\t\t\t<\/div>\n\t\t\t\t<\/div>\n\t\t\t\t<div class=\"elementor-element elementor-element-ac8cf09 elementor-widget elementor-widget-text-editor\" data-id=\"ac8cf09\" data-element_type=\"widget\" data-widget_type=\"text-editor.default\">\n\t\t\t\t<div class=\"elementor-widget-container\">\n\t\t\t\t\t\t\t\t\t<p>Algunas ideas donde se puede aplicar: leche de vaca, leche de almendras, leche de arroz, leche de coco, yogures, batidos, helados.<\/p>\t\t\t\t\t\t\t\t<\/div>\n\t\t\t\t<\/div>\n\t\t\t\t<\/div>\n\t\t<div data-particle_enable=\"false\" data-particle-mobile-disabled=\"false\" class=\"elementor-element elementor-element-56cc10e e-con-full single-card e-flex e-con e-child\" data-id=\"56cc10e\" data-element_type=\"container\" id=\"card7\">\n\t\t\t\t<div class=\"elementor-element elementor-element-deafda8 elementor-widget elementor-widget-image\" data-id=\"deafda8\" data-element_type=\"widget\" data-widget_type=\"image.default\">\n\t\t\t\t<div class=\"elementor-widget-container\">\n\t\t\t\t\t\t\t\t\t\t\t\t\t\t\t<img loading=\"lazy\" decoding=\"async\" width=\"105\" height=\"107\" src=\"https:\/\/theiideacompany.com\/wp-content\/uploads\/2025\/01\/001-condiments.svg\" class=\"attachment-large size-large wp-image-1576\" alt=\"\" \/>\t\t\t\t\t\t\t\t\t\t\t\t\t\t\t<\/div>\n\t\t\t\t<\/div>\n\t\t\t\t<div class=\"elementor-element elementor-element-d688edf elementor-widget elementor-widget-heading\" data-id=\"d688edf\" data-element_type=\"widget\" data-widget_type=\"heading.default\">\n\t\t\t\t<div class=\"elementor-widget-container\">\n\t\t\t\t\t<h2 class=\"elementor-heading-title elementor-size-default\">Condimentos y Salsas<\/h2>\t\t\t\t<\/div>\n\t\t\t\t<\/div>\n\t\t\t\t<div class=\"elementor-element elementor-element-44556b1 elementor-widget elementor-widget-text-editor\" data-id=\"44556b1\" data-element_type=\"widget\" data-widget_type=\"text-editor.default\">\n\t\t\t\t<div class=\"elementor-widget-container\">\n\t\t\t\t\t\t\t\t\t<p>Algunas ideas donde se puede aplicar: Condimentos, aderezos y salsas sin gluten.<\/p>\t\t\t\t\t\t\t\t<\/div>\n\t\t\t\t<\/div>\n\t\t\t\t<\/div>\n\t\t<div data-particle_enable=\"false\" data-particle-mobile-disabled=\"false\" class=\"elementor-element elementor-element-8e16db1 e-con-full single-card e-flex e-con e-child\" data-id=\"8e16db1\" data-element_type=\"container\" id=\"card8\">\n\t\t\t\t<div class=\"elementor-element elementor-element-9d69da2 elementor-widget elementor-widget-image\" data-id=\"9d69da2\" data-element_type=\"widget\" data-widget_type=\"image.default\">\n\t\t\t\t<div class=\"elementor-widget-container\">\n\t\t\t\t\t\t\t\t\t\t\t\t\t\t\t<img loading=\"lazy\" decoding=\"async\" width=\"100\" height=\"107\" src=\"https:\/\/theiideacompany.com\/wp-content\/uploads\/2025\/01\/008-skincare.svg\" class=\"attachment-large size-large wp-image-1577\" alt=\"\" \/>\t\t\t\t\t\t\t\t\t\t\t\t\t\t\t<\/div>\n\t\t\t\t<\/div>\n\t\t\t\t<div class=\"elementor-element elementor-element-872b03c elementor-widget elementor-widget-heading\" data-id=\"872b03c\" data-element_type=\"widget\" data-widget_type=\"heading.default\">\n\t\t\t\t<div class=\"elementor-widget-container\">\n\t\t\t\t\t<h2 class=\"elementor-heading-title elementor-size-default\">Cosm\u00e9ticos<\/h2>\t\t\t\t<\/div>\n\t\t\t\t<\/div>\n\t\t\t\t<div class=\"elementor-element elementor-element-d677155 elementor-widget elementor-widget-text-editor\" data-id=\"d677155\" data-element_type=\"widget\" data-widget_type=\"text-editor.default\">\n\t\t\t\t<div class=\"elementor-widget-container\">\n\t\t\t\t\t\t\t\t\t<p>Algunas ideas donde se puede aplicar: cremas, mascarillas, aceites.<\/p>\t\t\t\t\t\t\t\t<\/div>\n\t\t\t\t<\/div>\n\t\t\t\t<\/div>\n\t\t\t\t<\/div>\n\t\t\t\t<\/div>\n\t\t\t\t<div class=\"elementor-element elementor-element-ed671c5 elementor-widget elementor-widget-html\" data-id=\"ed671c5\" data-element_type=\"widget\" data-widget_type=\"html.default\">\n\t\t\t\t<div class=\"elementor-widget-container\">\n\t\t\t\t\t<script>\n    jQuery(document).ready(function($) {\n\n      var siteurl = 'https:\/\/theiideacompany.com';\n      var gridbg = $('#grid-bg');\n\n      var cover1 = siteurl+'\/wp-content\/uploads\/2025\/01\/artfully-arranged-valentines-day-dessert-charcuterie-board-featuring-assortment-chocolates-ca.jpg';\n      var cover2 = siteurl+'\/wp-content\/uploads\/2025\/01\/plum-confiture-glass-jar-toast.jpg';\n      var cover3 = siteurl+'\/wp-content\/uploads\/2025\/01\/fizzy-cola-drink-macro-shot.jpg';\n      var cover4 = siteurl+'\/wp-content\/uploads\/2025\/01\/AdobeStock_859810429.jpg';\n      var cover5 = siteurl+'\/wp-content\/uploads\/2025\/01\/composition-delicious-ingredients-kitchen.jpg';\n      var cover6 = siteurl+'\/wp-content\/uploads\/2025\/01\/dairy-products-wooden-table-sm.jpg';\n      var cover7 = siteurl+'\/wp-content\/uploads\/2025\/01\/tasty-cheesy-corn-stick-bowl-red-sauce-black-table-closeup.jpg';\n      var cover8 = siteurl+'\/wp-content\/uploads\/2025\/01\/beautiful-set-professional-makeup-cosmetics-dark-table.jpg';\n\n      $('#card1').hover(function() {\n          gridbg.css('background-image', 'url('+cover1+')');\n      }, function() {\n          gridbg.css('background-image', '');\n      });\n\n      $('#card2').hover(function() {\n          gridbg.css('background-image', 'url('+cover2+')');\n      }, function() {\n          gridbg.css('background-image', '');\n      });\n\n      $('#card3').hover(function() {\n          gridbg.css('background-image', 'url('+cover3+')');\n      }, function() {\n          gridbg.css('background-image', '');\n      });\n\n      $('#card4').hover(function() {\n          gridbg.css('background-image', 'url('+cover4+')');\n      }, function() {\n          gridbg.css('background-image', '');\n      });\n\n      $('#card5').hover(function() {\n          gridbg.css('background-image', 'url('+cover5+')');\n      }, function() {\n          gridbg.css('background-image', '');\n      });\n\n      $('#card6').hover(function() {\n          gridbg.css('background-image', 'url('+cover6+')');\n      }, function() {\n          gridbg.css('background-image', '');\n      });\n\n      $('#card7').hover(function() {\n          gridbg.css('background-image', 'url('+cover7+')');\n      }, function() {\n          gridbg.css('background-image', '');\n      });\n\n      $('#card8').hover(function() {\n          gridbg.css('background-image', 'url('+cover8+')');\n      }, function() {\n          gridbg.css('background-image', '');\n      });\n        \n    });\n<\/script>\t\t\t\t<\/div>\n\t\t\t\t<\/div>\n\t\t\t\t\t<\/div>\n\t\t\t\t<\/div>\n\t\t\t\t<\/div>\n\t\t","protected":false},"excerpt":{"rendered":"<p>Somos Los endulzantes de Agave tienen aplicaciones en una variedad de campos Confiter\u00eda Algunas ideas donde se puede aplicar: caramelos, piruletas, chocolates, chicles. Mermeladas Algunas ideas donde se puede aplicar: gelatinas, mermeladas de frutas, cremas untables. Bebidas Algunas ideas donde se puede aplicar: Bebidas de caf\u00e9, jugos, refrescos, batidos, bebidas energ\u00e9ticas. Reposter\u00eda Algunas ideas donde [&hellip;]<\/p>\n","protected":false},"author":1,"featured_media":0,"parent":0,"menu_order":0,"comment_status":"closed","ping_status":"closed","template":"","meta":{"_joinchat":[],"footnotes":""},"class_list":["post-1644","page","type-page","status-publish","hentry"],"_links":{"self":[{"href":"https:\/\/theiideacompany.com\/es\/wp-json\/wp\/v2\/pages\/1644","targetHints":{"allow":["GET"]}}],"collection":[{"href":"https:\/\/theiideacompany.com\/es\/wp-json\/wp\/v2\/pages"}],"about":[{"href":"https:\/\/theiideacompany.com\/es\/wp-json\/wp\/v2\/types\/page"}],"author":[{"embeddable":true,"href":"https:\/\/theiideacompany.com\/es\/wp-json\/wp\/v2\/users\/1"}],"replies":[{"embeddable":true,"href":"https:\/\/theiideacompany.com\/es\/wp-json\/wp\/v2\/comments?post=1644"}],"version-history":[{"count":6,"href":"https:\/\/theiideacompany.com\/es\/wp-json\/wp\/v2\/pages\/1644\/revisions"}],"predecessor-version":[{"id":1829,"href":"https:\/\/theiideacompany.com\/es\/wp-json\/wp\/v2\/pages\/1644\/revisions\/1829"}],"wp:attachment":[{"href":"https:\/\/theiideacompany.com\/es\/wp-json\/wp\/v2\/media?parent=1644"}],"curies":[{"name":"wp","href":"https:\/\/api.w.org\/{rel}","templated":true}]}}